{"id":7027,"date":"2025-08-09T17:58:21","date_gmt":"2025-08-09T15:58:21","guid":{"rendered":"https:\/\/weingut-eichhorn.de\/Shop\/produkt\/nr-240162024er-arzheimer-seligmacher-riesling-qualitaetswein-trocken-10l\/"},"modified":"2026-04-12T16:15:51","modified_gmt":"2026-04-12T14:15:51","slug":"nr-240162024er-arzheimer-seligmacher-riesling-qualitaetswein-trocken-10l","status":"publish","type":"product","link":"https:\/\/weingut-eichhorn.de\/Shop\/produkt\/nr-240162024er-arzheimer-seligmacher-riesling-qualitaetswein-trocken-10l\/","title":{"rendered":"<br>Nr. 24016<br>2024er Arzheimer Seligmacher Riesling Qualit\u00e4tswein trocken 1,0l<br>"},"content":{"rendered":"<div align=\"left\"><font size=\"3\"> <\/p>\n<p><\/font><\/div>\n<table WIDTH=\"60%\" BORDER=\"0\" align=\"left\" CELLPADDING=\"0\" CELLSPACING=\"0\"><\/p>\n<tr><\/p>\n<td width=\"53%\"><font size=\"-1\">Artikelnummer:<\/font><\/td>\n<td width=\"47%\"><font size=\"-1\"><strong>24016<\/strong><\/font><\/td>\n<p><\/tr>\n<tr><\/p>\n<td><font size=\"-1\">Inhalt<\/font><\/td>\n<td><font size=\"-1\"><strong>1,0 Ltr.<\/strong><\/font><\/td>\n<p><\/tr>\n<tr ALIGN=\"LEFT\"><\/p>\n<td><font size=\"-3\">Preis\/Ltr.<\/font><\/td>\n<td><font size=\"-3\"><strong><\/strong><\/font><\/td>\n<p><\/tr>\n<tr><\/p>\n<td><font size=\"-1\">Qualit&auml;tsstufe<\/font><\/td>\n<td><font size=\"-1\"><strong>Qualit\u00e4tswein<\/strong><\/font><\/td>\n<p><\/tr>\n<tr>  <\/p>\n<td><font size=\"-1\">Rests\u00fc\u00dfe<\/font><\/td>\n<p>  <\/p>\n<td><font size=\"-1\"><strong>4,9 g\/Ltr.<\/strong><\/font><\/td>\n<p><\/tr>\n<p><\/p>\n<tr><\/p>\n<td><font size=\"-1\">Alkoholgehalt<\/font><\/td>\n<td><font size=\"-1\"><strong>12,0 Vol. %<\/strong><\/font><\/td>\n<p><\/tr>\n<p><\/p>\n<tr>\n<td><font size=\"-1\">Bio:<\/font><\/td>\n<td><font size=\"-1\"><strong>NEIN<\/strong><\/font><\/td>\n<\/tr>\n<p><\/p>\n<tr>\n<td><font size=\"-1\">Ursprungsland:<\/font><\/td>\n<td><font size=\"-1\"><strong>Deutschland<\/strong><\/font><\/td>\n<\/tr>\n<p><\/p>\n<tr>\n<td><font size=\"-1\">enth\u00e4lt Allergene:<\/font><\/td>\n<td><font size=\"-1\"><strong>Sulfite<\/strong><\/font><\/td>\n<\/tr>\n<\/table>\n","protected":false},"excerpt":{"rendered":"<p>Artikelnummer: 24016 Inhalt 1,0 Ltr. Preis\/Ltr. Qualit&auml;tsstufe Qualit\u00e4tswein Rests\u00fc\u00dfe 4,9 g\/Ltr. Alkoholgehalt 12,0 Vol. % Bio: NEIN Ursprungsland: Deutschland enth\u00e4lt Allergene: Sulfite<\/p>\n","protected":false},"featured_media":6857,"comment_status":"open","ping_status":"closed","template":"","meta":[],"product_brand":[],"product_cat":[687],"product_tag":[],"class_list":{"0":"post-7027","1":"product","2":"type-product","3":"status-publish","4":"has-post-thumbnail","6":"product_cat-weisswein-1-ltr","8":"first","9":"instock","10":"taxable","11":"shipping-taxable","12":"purchasable","13":"product-type-simple"},"_links":{"self":[{"href":"https:\/\/weingut-eichhorn.de\/Shop\/wp-json\/wp\/v2\/product\/7027"}],"collection":[{"href":"https:\/\/weingut-eichhorn.de\/Shop\/wp-json\/wp\/v2\/product"}],"about":[{"href":"https:\/\/weingut-eichhorn.de\/Shop\/wp-json\/wp\/v2\/types\/product"}],"replies":[{"embeddable":true,"href":"https:\/\/weingut-eichhorn.de\/Shop\/wp-json\/wp\/v2\/comments?post=7027"}],"wp:featuredmedia":[{"embeddable":true,"href":"https:\/\/weingut-eichhorn.de\/Shop\/wp-json\/wp\/v2\/media\/6857"}],"wp:attachment":[{"href":"https:\/\/weingut-eichhorn.de\/Shop\/wp-json\/wp\/v2\/media?parent=7027"}],"wp:term":[{"taxonomy":"product_brand","embeddable":true,"href":"https:\/\/weingut-eichhorn.de\/Shop\/wp-json\/wp\/v2\/product_brand?post=7027"},{"taxonomy":"product_cat","embeddable":true,"href":"https:\/\/weingut-eichhorn.de\/Shop\/wp-json\/wp\/v2\/product_cat?post=7027"},{"taxonomy":"product_tag","embeddable":true,"href":"https:\/\/weingut-eichhorn.de\/Shop\/wp-json\/wp\/v2\/product_tag?post=7027"}],"curies":[{"name":"wp","href":"https:\/\/api.w.org\/{rel}","templated":true}]}}