{"id":1781,"date":"2016-06-20T17:00:24","date_gmt":"2016-06-20T15:00:24","guid":{"rendered":"https:\/\/weingut-eichhorn.de\/Shop\/?page_id=1781"},"modified":"2018-02-26T12:24:12","modified_gmt":"2018-02-26T10:24:12","slug":"os-plattform","status":"publish","type":"page","link":"https:\/\/weingut-eichhorn.de\/Shop\/os-plattform\/","title":{"rendered":"OS-Plattform"},"content":{"rendered":"<p>Hinweis OS-Plattform<br \/>\n=====================<\/p>\n<p>Die Europ\u00e4ische Kommission stellt eine Plattform f\u00fcr die au\u00dfergerichtliche Online-Streitbeilegung (OS-Plattform) bereit, die unter <a href=\"http:\/\/www.ec.europa.eu\/consumers\/odr\">www.ec.europa.eu\/consumers\/odr<\/a> aufrufbar ist.. Wir sind weder verpflichtet noch bereit, an dem Streitschlichtungsverfahren teilzunehmen.<\/p>\n<p>unsere Anschrift und Emailadresse:<br \/>\nWeingut Eichhorn<br \/>\nInhaber: J\u00fcrgen und Thomas Eichorn<br \/>\nMaxstrasse 21<br \/>\n76835 Flemlingen<br \/>\nTel: +49 (0) 6323 \u2013 18 11<br \/>\nFax: +49 (0) 6323 \u2013 949 134<br \/>\nEmail: weingut-eichhorn@t-online.de<br \/>\nweingut-eichhorn@t-online.de<\/p>\n","protected":false},"excerpt":{"rendered":"<p>Hinweis OS-Plattform ===================== Die Europ\u00e4ische Kommission stellt eine Plattform f\u00fcr die au\u00dfergerichtliche Online-Streitbeilegung (OS-Plattform) bereit, die unter www.ec.europa.eu\/consumers\/odr aufrufbar ist.. Wir sind weder verpflichtet noch bereit, an dem Streitschlichtungsverfahren teilzunehmen. unsere Anschrift und Emailadresse: Weingut Eichhorn Inhaber: J\u00fcrgen und Thomas Eichorn Maxstrasse 21 76835 Flemlingen Tel: +49 (0) 6323 \u2013 18 11 Fax: +49 (0) [&hellip;]<\/p>\n","protected":false},"author":1,"featured_media":0,"parent":0,"menu_order":0,"comment_status":"closed","ping_status":"closed","template":"","meta":{"footnotes":""},"class_list":["post-1781","page","type-page","status-publish","hentry"],"_links":{"self":[{"href":"https:\/\/weingut-eichhorn.de\/Shop\/wp-json\/wp\/v2\/pages\/1781"}],"collection":[{"href":"https:\/\/weingut-eichhorn.de\/Shop\/wp-json\/wp\/v2\/pages"}],"about":[{"href":"https:\/\/weingut-eichhorn.de\/Shop\/wp-json\/wp\/v2\/types\/page"}],"author":[{"embeddable":true,"href":"https:\/\/weingut-eichhorn.de\/Shop\/wp-json\/wp\/v2\/users\/1"}],"replies":[{"embeddable":true,"href":"https:\/\/weingut-eichhorn.de\/Shop\/wp-json\/wp\/v2\/comments?post=1781"}],"version-history":[{"count":3,"href":"https:\/\/weingut-eichhorn.de\/Shop\/wp-json\/wp\/v2\/pages\/1781\/revisions"}],"predecessor-version":[{"id":3083,"href":"https:\/\/weingut-eichhorn.de\/Shop\/wp-json\/wp\/v2\/pages\/1781\/revisions\/3083"}],"wp:attachment":[{"href":"https:\/\/weingut-eichhorn.de\/Shop\/wp-json\/wp\/v2\/media?parent=1781"}],"curies":[{"name":"wp","href":"https:\/\/api.w.org\/{rel}","templated":true}]}}